{"id":626,"date":"2024-03-08T16:39:34","date_gmt":"2024-03-08T15:39:34","guid":{"rendered":"https:\/\/www.xavierquintana.com\/politica-de-privacidad\/"},"modified":"2024-03-14T09:30:47","modified_gmt":"2024-03-14T08:30:47","slug":"politica-de-privacidad","status":"publish","type":"page","link":"https:\/\/www.xavierquintana.com\/es\/politica-de-privacidad\/","title":{"rendered":"Pol\u00edtica de privacidad"},"content":{"rendered":"\t\t<div data-elementor-type=\"wp-page\" data-elementor-id=\"626\" class=\"elementor elementor-626 elementor-3\" data-elementor-post-type=\"page\">\n\t\t\t\t<div class=\"elementor-element elementor-element-1ed3ef74 e-flex e-con-boxed e-con e-parent\" data-id=\"1ed3ef74\" data-element_type=\"container\" data-core-v316-plus=\"true\">\n\t\t\t\t\t<div class=\"e-con-inner\">\n\t\t\t\t<div class=\"elementor-element elementor-element-1a47f83 elementor-widget elementor-widget-heading\" data-id=\"1a47f83\" data-element_type=\"widget\" data-widget_type=\"heading.default\">\n\t\t\t\t<div class=\"elementor-widget-container\">\n\t\t\t<style>\/*! elementor - v3.20.0 - 13-03-2024 *\/\n.elementor-heading-title{padding:0;margin:0;line-height:1}.elementor-widget-heading .elementor-heading-title[class*=elementor-size-]>a{color:inherit;font-size:inherit;line-height:inherit}.elementor-widget-heading .elementor-heading-title.elementor-size-small{font-size:15px}.elementor-widget-heading .elementor-heading-title.elementor-size-medium{font-size:19px}.elementor-widget-heading .elementor-heading-title.elementor-size-large{font-size:29px}.elementor-widget-heading .elementor-heading-title.elementor-size-xl{font-size:39px}.elementor-widget-heading .elementor-heading-title.elementor-size-xxl{font-size:59px}<\/style><h1 class=\"elementor-heading-title elementor-size-default\">Pol\u00edtica de privacidad<\/h1>\t\t<\/div>\n\t\t\t\t<\/div>\n\t\t\t\t<div class=\"elementor-element elementor-element-3ef8da9 elementor-widget elementor-widget-text-editor\" data-id=\"3ef8da9\" data-element_type=\"widget\" data-widget_type=\"text-editor.default\">\n\t\t\t\t<div class=\"elementor-widget-container\">\n\t\t\t<style>\/*! elementor - v3.20.0 - 13-03-2024 *\/\n.elementor-widget-text-editor.elementor-drop-cap-view-stacked .elementor-drop-cap{background-color:#69727d;color:#fff}.elementor-widget-text-editor.elementor-drop-cap-view-framed .elementor-drop-cap{color:#69727d;border:3px solid;background-color:transparent}.elementor-widget-text-editor:not(.elementor-drop-cap-view-default) .elementor-drop-cap{margin-top:8px}.elementor-widget-text-editor:not(.elementor-drop-cap-view-default) .elementor-drop-cap-letter{width:1em;height:1em}.elementor-widget-text-editor .elementor-drop-cap{float:left;text-align:center;line-height:1;font-size:50px}.elementor-widget-text-editor .elementor-drop-cap-letter{display:inline-block}<\/style>\t\t\t\t<p style=\"text-align: left;\">XAVIER QUINTANA, informa a continuaci\u00f3n de su pol\u00edtica de privacidad aplicada a los datos personales. El uso de la p\u00e1gina web no implica que el usuario se est\u00e9 obligado a suministrar informaci\u00f3n alguna respecto a su identidad, no pudiendo ser asociada a un usuario concreto por la empresa. En el supuesto de que se suministren datos de car\u00e1cter personal, estos datos ser\u00e1n recogidos y utilizados conforme a las limitaciones y derechos recogidos en la citada norma.<\/p>\n<p><strong>\u00bfQUI\u00c9N ES EL RESPONSABLE DEL TRATAMIENTO DE TUS DATOS?<\/strong><\/p>\n<ul>\n<li><strong><em>EL RESPONSABLE DEL TRACTAMENT<\/em><\/strong> <em>de les teves dades \u00e9s: XAVIER QUINTANA<\/em><\/li>\n<li><strong><em>CIF: <\/em><\/strong><em>46780109H<\/em><\/li>\n<li><strong><em>Direcci\u00f3n Postal:<\/em><\/strong><em><br \/>TORRE DEL RELOJ<br \/>Av. Maties Guasch 57 bajos<br \/>08786 Capellades<\/em><\/li>\n<li><b style=\"font-style: italic;\">Correo electr\u00f3nico: <\/b>xavierquintana@coac.net<\/li>\n<\/ul>\n<p><strong><br \/>\u00bfQU\u00c9 TIPO DE DATOS TRATAMOS?<\/strong><\/p>\n<p><em>En funci\u00f3n de los productos y servicios a los que quieras acceder en cada momento necesitaremos unos datos u otros. En general estos datos, ser\u00e1n, seg\u00fan el caso, los siguientes:<\/em><\/p>\n<ul>\n<li><em>Sus datos personales: Nombre, apellido, idioma, pa\u00eds, datos de contacto&#8230;<\/em><\/li>\n<li><em>Datos de conexi\u00f3n, navegaci\u00f3n y geolocalizaci\u00f3n.<\/em><\/li>\n<li><em>Informaci\u00f3n comercial si te suscribes a nuestra newsletter.<\/em><\/li>\n<li><em>Datos sobre preferencias y gustos personales.<\/em><\/li>\n<li><em>Datos sobre formaci\u00f3n.<\/em><\/li>\n<\/ul>\n<p><em>Recuerda que cuando te pedimos que rellenes tus datos personales para darte acceso a alguna funcionalidad o servicio, marcaremos algunos campos como obligatorios, ya que son datos que necesitamos para poder ofrecerte el servicio o darte acceso a la funcionalidad en cuesti\u00f3n.<\/em><\/p>\n<p><em>Por favor, tenga en cuenta que si decide no facilitarnos estos datos, es posible que no pueda completar su registro como usuario o que no pueda acceder a estos servicios o funcionalidades.<\/em><\/p>\n<\/p>\n<p><strong>\u00bfCON QU\u00c9 FINALIDAD TRATAMOS TUS DATOS PERSONALES?<\/strong><\/p>\n<p><em>Dependiendo de c\u00f3mo interact\u00faes con nuestra web, trataremos tus datos personales para las siguientes finalidades:<\/em><\/p>\n<ol>\n<li><strong><em> Para atender las solicitudes o peticiones que a trav\u00e9s de los distintos medios incorporados en nuestra web.<\/em><\/strong><\/li>\n<\/ol>\n<p><em>S\u00f3lo tratamos los datos personales que sean realmente necesarios para gestionar o resolver tu solicitud o petici\u00f3n<\/em><\/p>\n<ol start=\"2\">\n<li><strong><em> Para fines de maketing.<\/em><\/strong><\/li>\n<\/ol>\n<p><em>En la medida en que te subscribas a nuestra Newsletter, tus datos personales ser\u00e1n utilizados para el env\u00edo peri\u00f3dico de boletines informativos de la marca Tuga Wear.<\/em><\/p>\n<p><em>Tienes que recordar que puedes darte de baja de la Newsletter en cualquier momento y sin coste alguno comunic\u00e1ndolo a XAVIER QUINTANA. en el siguiente mail: xavierquintana@coac.net<\/em><\/p>\n<ol start=\"3\">\n<li><strong><em> Para participar en nuestros concursos y promociones.<\/em><\/strong><\/li>\n<\/ol>\n<p><em>Tratamos tus datos para gestionar la participaci\u00f3n en concursos y promociones realizadas por la empresa.<\/em><\/p>\n<ol start=\"4\">\n<li><strong><em> An\u00e1lisis de usabilidad y calidad para la mejora de nuestros servicios. (Cookies)<\/em><\/strong><\/li>\n<\/ol>\n<p><em>Si accedes a nuestra plataforma web, te informamos de que trataremos tus datos de navegaci\u00f3n por fines anal\u00edticos y estad\u00edsticos, es decir, para entender la forma en que los usuarios interact\u00faan con nuestra plataforma y as\u00ed ser capaces de introducir mejoras en la misma. Tambi\u00e9n es posible que en ocasiones realicemos acciones y encuestas de calidad destinadas a conocer el grado de satisfacci\u00f3n de nuestros clientes y usuarios para detectar aquellas \u00e1reas en las que podemos mejorar.<\/em><\/p>\n<ol start=\"5\">\n<li><strong><em> Por formar parte en los procesos de selecci\u00f3n. <\/em><\/strong><\/li>\n<\/ol>\n<p><em>Trataremos los datos personales que nos proporciones a trav\u00e9s de tu CV, a fin de gestionar las candidaturas para los puestos de trabajo ofrecidos.<\/em><\/p>\n<\/p>\n<p><strong>\u00bfCU\u00c1L ES LA LEGITIMACI\u00d3N PARA EL TRATAMIENTO DE TUS DATOS?<\/strong><\/p>\n<p><em>La base legal que nos permite tratar tus datos personales tambi\u00e9n depende de la finalidad por la que los tratemos, de esta manera encontramos diferentes bases legales en virtud de las siguientes finalidades:<\/em><\/p>\n<p><em>  1<\/em><strong><em>. Atenci\u00f3n de solicitudes de informaci\u00f3n: <\/em><\/strong><\/p>\n<p><em>La base legal para el tratamiento de tus datos es el consentimiento informado para dar respuesta a las consultas planteadas a trav\u00e9s de la p\u00e1gina web, lo que supone la aceptaci\u00f3n de estas condiciones por parte del interesado.<\/em><\/p>\n<ol start=\"2\">\n<li><strong><em> Marketing.<\/em><\/strong><\/li>\n<\/ol>\n<p><em>La base leg\u00edtima para tratar tus datos con fines de marketing es el consentimiento que presta usted. <\/em><\/p>\n<ol start=\"3\">\n<li><strong><em> Participaci\u00f3n en promociones y concursos. <\/em><\/strong><\/li>\n<\/ol>\n<p><em>La base de legitimaci\u00f3n es el consentimiento que usted presta cuando usted participa en el concurso o promoci\u00f3n.<\/em> <\/p>\n<ol start=\"4\">\n<li><strong><em> An\u00e1lisis de usabilidad y de calidad (Cookies) <\/em><\/strong><\/li>\n<\/ol>\n<p><em>Consentimiento del usuario para la implantaci\u00f3n de cookies.<\/em><\/p>\n<ol start=\"5\">\n<li><strong><em> Procesos de selecci\u00f3n. <\/em><\/strong><\/li>\n<\/ol>\n<p><em>La base legitima para tratar tus datos con fines de selecci\u00f3n de personal, es tu consentimiento.<\/em><\/p>\n<\/p>\n<p><strong>\u00bfDURANTE CUANDO TIEMPO CONSERVAMOS TUS DATOS?<\/strong><\/p>\n<ol>\n<li><strong><em> Solicitud de informaci\u00f3n.<\/em><\/strong><\/li>\n<\/ol>\n<p><em>Trataremos tus datos durante el tiempo que sea necesario para atender a tu solicitud o petici\u00f3n y posteriormente 1 a\u00f1o.<\/em><\/p>\n<ol start=\"2\">\n<li><strong><em> Marketing.<\/em><\/strong><\/li>\n<\/ol>\n<p><em>Trataremos tus datos hasta que solicites la baja o canceles la suscripci\u00f3n a la newsletter.<\/em><\/p>\n<ol start=\"3\">\n<li><strong><em> Participaci\u00f3n en concursos y promociones.<\/em><\/strong><\/li>\n<\/ol>\n<p><em>Conservaremos los datos de tu participaci\u00f3n durante el tiempo que dure el concurso y posteriormente el tiempo necesario para la justificaci\u00f3n de los mismos.<\/em><\/p>\n<ol start=\"4\">\n<li><strong><em> Procesos de selecci\u00f3n.<\/em><\/strong><\/li>\n<\/ol>\n<p><em>Trataremos tus datos durante el tiempo que sea necesario para evaluar la candidatura y posteriormente dos a\u00f1os para que tengas la posibilidad de optar a futuros puestos de trabajo.<\/em><\/p>\n<\/p>\n<p><strong>\u00bfCOMPARTIREMOS TUS DATOS CON TECEROS?<\/strong><\/p>\n<p><em>Para cumplir las finalidades indicadas en la presente Pol\u00edtica de Privacidad, es necesario que demos acceso a tus datos personales a terceras partes que nos apoyen en los servicios que te ofrecemos y que detallamos a continuaci\u00f3n:<\/em><\/p>\n<ul>\n<li><em>Para llevar a cabo la presentaci\u00f3n del servicio correspondiente y poner en contacto a los solicitantes con las personas que forman parte de la experiencia de los servicios y productos que ofrecemos.<\/em><\/li>\n<li><em>Proveedores de servicios tecnol\u00f3gicos<\/em><\/li>\n<\/ul>\n<p><strong><br \/>\u00bfCU\u00c1LES SON TUS DERECHOS CUANDO NOS FACILITAS TUS DATOS?<\/strong><\/p>\n<p><em>Nos comprometemos a respetar la confidencialidad de tus datos personales y garantizarte el ejercicio de tus derechos.<\/em><\/p>\n<p><em>Podr\u00e1 ejercerlos sin coste envi\u00e1ndonos un correo electr\u00f3nico a nuestra direcci\u00f3n: xavierquintana@coac.net simplemente indic\u00e1ndonos el motivo de la solicitud y el derecho que desea ejercer.<\/em><\/p>\n<p><em>En caso de que lo consideremos necesario para poder identificarte, podremos solicitar una copia de un documento acreditativo de tu identidad. En particular, independientemente de la finalidad o base legal en virtud de la que tratamos tus datos tienes derecho a:<\/em><\/p>\n<p><em>Pedirnos acceso a tus datos de los que disponemos.<\/em><\/p>\n<p><em>Pedirnos que rectifiquemos los datos que ya disponemos. Ten en cuenta que, al facilitarnos activamente tus datos personales por cualquier canal, aseguras que son ciertos y exactos y te comprometes a notificarnos cualquier cambio o modificaci\u00f3n de los mismos.<\/em><\/p>\n<p><em>Pedirnos que suprimamos tus datos en la medida en que ya no sean necesarios para la finalidad por la que los necesitamos tratar seg\u00fan te hemos informado con anterioridad, o si ya no contamos con legitimaci\u00f3n para ello.<\/em><\/p>\n<p><em>Pedirnos que limitemos el tratamiento de tus datos, lo que supone que en determinados casos puedas solicitarnos que suspendamos temporalmente el tratamiento de tus datos o que los conservemos m\u00e1s all\u00e1 del tiempo necesario cuando puedas necesitarlo. Si nos ha proporcionado tu consentimiento para el tratamiento de tus datos para cualquier finalidad, tambi\u00e9n tienes derecho a retirarlo en cualquier momento.<\/em><\/p>\n<p><em>Por otro lado, cuando el tratamiento de tus datos est\u00e9 basado en nuestro leg\u00edtimo inter\u00e9s, tambi\u00e9n tendr\u00e1s derecho a oponerte al tratamiento de tus datos.<\/em><\/p>\n<p>Por \u00faltimo te informamos de tu derecho a presentar una reclamaci\u00f3n ante la <em>autoridad de control en materia de protecci\u00f3n de datos perteneciente, en particular, ante la Agencia Espa\u00f1ola de Protecci\u00f3n de Datos:<\/em> <a href=\"https:\/\/www.agpd.es\/portalwebAGPD\/index-ides-idphp.php\"><em>https:\/\/www.agpd.es\/portalwebAGPD \/index-ides-idphp.php<\/em><\/a><em> <\/em><\/p>\n<\/p>\n<p><strong>CAMBIOS DE LA POL\u00cdTICA DE PRIVACIDAD.<\/strong><\/p>\n<p><em>Es posible que modifiquemos la informaci\u00f3n contenida en esta Pol\u00edtica de Privacidad cuando lo consideremos conveniente. En caso de que lo hagamos, te lo notificaremos por diferentes v\u00edas a trav\u00e9s de la Plataforma, o incluso en tu direcci\u00f3n de correo electr\u00f3nico cuando el cambio en cuesti\u00f3n sea significativo para su privacidad, de forma que pueda revisar los cambios, valorar -los y, en caso de desacuerdo con \u00e9stos, oponerse o darte de baja de alg\u00fan servicio o funcionalidad.<\/em><\/p>\n<\/p>\n<p><strong>INFORMACI\u00d3N SOBRE COOKIES<\/strong><\/p>\n<p><em>Utilizamos cookies y dispositivos similares para facilitar tu navegaci\u00f3n por la Plataforma, conocer c\u00f3mo interact\u00faas con nosotros y, en determinadas ocasiones, poder mostrarte publicidad en funci\u00f3n de tus h\u00e1bitos de navegaci\u00f3n. Por favor, lee nuestra Pol\u00edtica de Cookies para conocer con mayor detalle las cookies y dispositivos similares que utilizamos, su finalidad y otra informaci\u00f3n de inter\u00e9s.<\/em><\/p>\n\t\t\t\t\t\t<\/div>\n\t\t\t\t<\/div>\n\t\t\t\t\t<\/div>\n\t\t\t\t<\/div>\n\t\t\t\t<\/div>\n\t\t","protected":false},"excerpt":{"rendered":"<p>Pol\u00edtica de privacidad XAVIER QUINTANA, informa a continuaci\u00f3n de su pol\u00edtica de privacidad aplicada a los datos personales. El uso de la p\u00e1gina web no implica que el usuario se est\u00e9 obligado a suministrar informaci\u00f3n alguna respecto a su identidad, no pudiendo ser asociada a un usuario concreto por la empresa. En el supuesto de [&hellip;]<\/p>\n","protected":false},"author":1,"featured_media":0,"parent":0,"menu_order":0,"comment_status":"closed","ping_status":"closed","template":"","meta":{"footnotes":""},"class_list":["post-626","page","type-page","status-publish","hentry"],"yoast_head":"<!-- This site is optimized with the Yoast SEO plugin v22.2 - https:\/\/yoast.com\/wordpress\/plugins\/seo\/ -->\n<title>Pol\u00edtica de privacidad - Xavier Quintana<\/title>\n<meta name=\"robots\" content=\"index, follow, max-snippet:-1, max-image-preview:large, max-video-preview:-1\" \/>\n<link rel=\"canonical\" href=\"https:\/\/www.xavierquintana.com\/es\/politica-de-privacidad\/\" \/>\n<meta property=\"og:locale\" content=\"es_ES\" \/>\n<meta property=\"og:type\" content=\"article\" \/>\n<meta property=\"og:title\" content=\"Pol\u00edtica de privacidad - Xavier Quintana\" \/>\n<meta property=\"og:description\" content=\"Pol\u00edtica de privacidad XAVIER QUINTANA, informa a continuaci\u00f3n de su pol\u00edtica de privacidad aplicada a los datos personales. El uso de la p\u00e1gina web no implica que el usuario se est\u00e9 obligado a suministrar informaci\u00f3n alguna respecto a su identidad, no pudiendo ser asociada a un usuario concreto por la empresa. En el supuesto de [&hellip;]\" \/>\n<meta property=\"og:url\" content=\"https:\/\/www.xavierquintana.com\/es\/politica-de-privacidad\/\" \/>\n<meta property=\"og:site_name\" content=\"Xavier Quintana\" \/>\n<meta property=\"article:modified_time\" content=\"2024-03-14T08:30:47+00:00\" \/>\n<meta name=\"twitter:card\" content=\"summary_large_image\" \/>\n<meta name=\"twitter:label1\" content=\"Tiempo de lectura\" \/>\n\t<meta name=\"twitter:data1\" content=\"7 minutos\" \/>\n<script type=\"application\/ld+json\" class=\"yoast-schema-graph\">{\"@context\":\"https:\/\/schema.org\",\"@graph\":[{\"@type\":\"WebPage\",\"@id\":\"https:\/\/www.xavierquintana.com\/es\/politica-de-privacidad\/\",\"url\":\"https:\/\/www.xavierquintana.com\/es\/politica-de-privacidad\/\",\"name\":\"Pol\u00edtica de privacidad - Xavier Quintana\",\"isPartOf\":{\"@id\":\"https:\/\/www.xavierquintana.com\/#website\"},\"datePublished\":\"2024-03-08T15:39:34+00:00\",\"dateModified\":\"2024-03-14T08:30:47+00:00\",\"breadcrumb\":{\"@id\":\"https:\/\/www.xavierquintana.com\/es\/politica-de-privacidad\/#breadcrumb\"},\"inLanguage\":\"es\",\"potentialAction\":[{\"@type\":\"ReadAction\",\"target\":[\"https:\/\/www.xavierquintana.com\/es\/politica-de-privacidad\/\"]}]},{\"@type\":\"BreadcrumbList\",\"@id\":\"https:\/\/www.xavierquintana.com\/es\/politica-de-privacidad\/#breadcrumb\",\"itemListElement\":[{\"@type\":\"ListItem\",\"position\":1,\"name\":\"Inici\",\"item\":\"https:\/\/www.xavierquintana.com\/\"},{\"@type\":\"ListItem\",\"position\":2,\"name\":\"Pol\u00edtica de privacidad\"}]},{\"@type\":\"WebSite\",\"@id\":\"https:\/\/www.xavierquintana.com\/#website\",\"url\":\"https:\/\/www.xavierquintana.com\/\",\"name\":\"Xavier Quintana\",\"description\":\"Arquitecte Barcelona\",\"publisher\":{\"@id\":\"https:\/\/www.xavierquintana.com\/#organization\"},\"alternateName\":\"Estudi d'Arquitectura ubicat a Capellades\",\"potentialAction\":[{\"@type\":\"SearchAction\",\"target\":{\"@type\":\"EntryPoint\",\"urlTemplate\":\"https:\/\/www.xavierquintana.com\/?s={search_term_string}\"},\"query-input\":\"required name=search_term_string\"}],\"inLanguage\":\"es\"},{\"@type\":\"Organization\",\"@id\":\"https:\/\/www.xavierquintana.com\/#organization\",\"name\":\"Xavier Quintana\",\"alternateName\":\"Estudi d'Arquitectura Capellades\",\"url\":\"https:\/\/www.xavierquintana.com\/\",\"logo\":{\"@type\":\"ImageObject\",\"inLanguage\":\"es\",\"@id\":\"https:\/\/www.xavierquintana.com\/#\/schema\/logo\/image\/\",\"url\":\"https:\/\/www.xavierquintana.com\/wp-content\/uploads\/2024\/03\/logo-xavier-quintana-v2.svg\",\"contentUrl\":\"https:\/\/www.xavierquintana.com\/wp-content\/uploads\/2024\/03\/logo-xavier-quintana-v2.svg\",\"width\":1,\"height\":1,\"caption\":\"Xavier Quintana\"},\"image\":{\"@id\":\"https:\/\/www.xavierquintana.com\/#\/schema\/logo\/image\/\"}}]}<\/script>\n<!-- \/ Yoast SEO plugin. -->","yoast_head_json":{"title":"Pol\u00edtica de privacidad - Xavier Quintana","robots":{"index":"index","follow":"follow","max-snippet":"max-snippet:-1","max-image-preview":"max-image-preview:large","max-video-preview":"max-video-preview:-1"},"canonical":"https:\/\/www.xavierquintana.com\/es\/politica-de-privacidad\/","og_locale":"es_ES","og_type":"article","og_title":"Pol\u00edtica de privacidad - Xavier Quintana","og_description":"Pol\u00edtica de privacidad XAVIER QUINTANA, informa a continuaci\u00f3n de su pol\u00edtica de privacidad aplicada a los datos personales. El uso de la p\u00e1gina web no implica que el usuario se est\u00e9 obligado a suministrar informaci\u00f3n alguna respecto a su identidad, no pudiendo ser asociada a un usuario concreto por la empresa. En el supuesto de [&hellip;]","og_url":"https:\/\/www.xavierquintana.com\/es\/politica-de-privacidad\/","og_site_name":"Xavier Quintana","article_modified_time":"2024-03-14T08:30:47+00:00","twitter_card":"summary_large_image","twitter_misc":{"Tiempo de lectura":"7 minutos"},"schema":{"@context":"https:\/\/schema.org","@graph":[{"@type":"WebPage","@id":"https:\/\/www.xavierquintana.com\/es\/politica-de-privacidad\/","url":"https:\/\/www.xavierquintana.com\/es\/politica-de-privacidad\/","name":"Pol\u00edtica de privacidad - Xavier Quintana","isPartOf":{"@id":"https:\/\/www.xavierquintana.com\/#website"},"datePublished":"2024-03-08T15:39:34+00:00","dateModified":"2024-03-14T08:30:47+00:00","breadcrumb":{"@id":"https:\/\/www.xavierquintana.com\/es\/politica-de-privacidad\/#breadcrumb"},"inLanguage":"es","potentialAction":[{"@type":"ReadAction","target":["https:\/\/www.xavierquintana.com\/es\/politica-de-privacidad\/"]}]},{"@type":"BreadcrumbList","@id":"https:\/\/www.xavierquintana.com\/es\/politica-de-privacidad\/#breadcrumb","itemListElement":[{"@type":"ListItem","position":1,"name":"Inici","item":"https:\/\/www.xavierquintana.com\/"},{"@type":"ListItem","position":2,"name":"Pol\u00edtica de privacidad"}]},{"@type":"WebSite","@id":"https:\/\/www.xavierquintana.com\/#website","url":"https:\/\/www.xavierquintana.com\/","name":"Xavier Quintana","description":"Arquitecte Barcelona","publisher":{"@id":"https:\/\/www.xavierquintana.com\/#organization"},"alternateName":"Estudi d'Arquitectura ubicat a Capellades","potentialAction":[{"@type":"SearchAction","target":{"@type":"EntryPoint","urlTemplate":"https:\/\/www.xavierquintana.com\/?s={search_term_string}"},"query-input":"required name=search_term_string"}],"inLanguage":"es"},{"@type":"Organization","@id":"https:\/\/www.xavierquintana.com\/#organization","name":"Xavier Quintana","alternateName":"Estudi d'Arquitectura Capellades","url":"https:\/\/www.xavierquintana.com\/","logo":{"@type":"ImageObject","inLanguage":"es","@id":"https:\/\/www.xavierquintana.com\/#\/schema\/logo\/image\/","url":"https:\/\/www.xavierquintana.com\/wp-content\/uploads\/2024\/03\/logo-xavier-quintana-v2.svg","contentUrl":"https:\/\/www.xavierquintana.com\/wp-content\/uploads\/2024\/03\/logo-xavier-quintana-v2.svg","width":1,"height":1,"caption":"Xavier Quintana"},"image":{"@id":"https:\/\/www.xavierquintana.com\/#\/schema\/logo\/image\/"}}]}},"_links":{"self":[{"href":"https:\/\/www.xavierquintana.com\/es\/wp-json\/wp\/v2\/pages\/626","targetHints":{"allow":["GET"]}}],"collection":[{"href":"https:\/\/www.xavierquintana.com\/es\/wp-json\/wp\/v2\/pages"}],"about":[{"href":"https:\/\/www.xavierquintana.com\/es\/wp-json\/wp\/v2\/types\/page"}],"author":[{"embeddable":true,"href":"https:\/\/www.xavierquintana.com\/es\/wp-json\/wp\/v2\/users\/1"}],"replies":[{"embeddable":true,"href":"https:\/\/www.xavierquintana.com\/es\/wp-json\/wp\/v2\/comments?post=626"}],"version-history":[{"count":2,"href":"https:\/\/www.xavierquintana.com\/es\/wp-json\/wp\/v2\/pages\/626\/revisions"}],"predecessor-version":[{"id":635,"href":"https:\/\/www.xavierquintana.com\/es\/wp-json\/wp\/v2\/pages\/626\/revisions\/635"}],"wp:attachment":[{"href":"https:\/\/www.xavierquintana.com\/es\/wp-json\/wp\/v2\/media?parent=626"}],"curies":[{"name":"wp","href":"https:\/\/api.w.org\/{rel}","templated":true}]}}